{"id":1084,"date":"2018-06-19T12:21:13","date_gmt":"2018-06-19T11:21:13","guid":{"rendered":"https:\/\/air-association.fr\/?page_id=3"},"modified":"2022-12-12T18:21:27","modified_gmt":"2022-12-12T17:21:27","slug":"contact","status":"publish","type":"page","link":"https:\/\/www.air-asso.org\/index.php\/contact\/","title":{"rendered":"Contact"},"content":{"rendered":"\n<h3 class=\"has-text-color wp-block-heading\" style=\"color:#328387\">Horaires d&#8217;ouverture<\/h3>\n\n\n\n<p>L&#8217;accueil de l&#8217;association est ouvert du mardi au jeudi de 10 h \u00e0 12 h et de 14 h \u00e0 17 h.<\/p>\n\n\n\n<h3 class=\"wp-block-heading\"><span style=\"color:#328387\" class=\"tadv-color\">Acc\u00e8s en transports en commun<\/span><\/h3>\n\n\n\n<ul class=\"wp-block-list\">\n<li><strong>RER A <\/strong>: station <em>Nation<\/em>.&nbsp;Sortie 11, remonter le boulevard Voltaire jusqu&#8217;au num\u00e9ro 229<\/li>\n\n\n\n<li><strong>M\u00e9tro&nbsp;:&nbsp;ligne 9<\/strong> station <em>rue des boulets<\/em> ou <strong>ligne 2<\/strong> station <em>Nation<\/em><\/li>\n\n\n\n<li><strong>Bus : ligne 56<\/strong> arr\u00eat <em>rue des boulets<\/em> ou <strong>ligne 71<\/strong> arr\u00eat <em>Philippe Auguste &#8211; Dumas<\/em><\/li>\n<\/ul>\n\n\n\n<p>Face au 229, l&#8217;interphone se trouve sur la gauche, le nom sur la sonnette est \u00e9crit en noir et en braille.<\/p>\n\n\n\n<p><\/p>\n\n\n\n<h3 class=\"wp-block-heading\"><span style=\"color:#328387\" class=\"tadv-color\">Contact par message<\/span><\/h3>\n\n\n\n<div class=\"forminator-guttenberg\"><div class=\"forminator-ui forminator-custom-form forminator-custom-form-1372 forminator-design--default  forminator_ajax\" data-forminator-render=\"0\" data-form=\"forminator-module-1372\" data-uid=\"69de2cac825ef\"><br\/><\/div><form\n\t\t\t\tid=\"forminator-module-1372\"\n\t\t\t\tclass=\"forminator-ui forminator-custom-form forminator-custom-form-1372 forminator-design--default  forminator_ajax\"\n\t\t\t\tmethod=\"post\"\n\t\t\t\tdata-forminator-render=\"0\"\n\t\t\t\tdata-form-id=\"1372\"\n\t\t\t\t data-color-option=\"default\" data-design=\"default\" data-grid=\"open\" style=\"display: none;\"\n\t\t\t\tdata-uid=\"69de2cac825ef\"\n\t\t\t><div role=\"alert\" aria-live=\"polite\" class=\"forminator-response-message forminator-error\" aria-hidden=\"true\"><\/div><div class=\"forminator-row\"><div id=\"name-1\" class=\"forminator-field-name forminator-col forminator-col-6 \"><div class=\"forminator-field\"><label for=\"forminator-field-name-1_69de2cac825ef\" id=\"forminator-field-name-1_69de2cac825ef-label\" class=\"forminator-label\">Pr\u00e9nom <span class=\"forminator-required\">*<\/span><\/label><input type=\"text\" name=\"name-1\" value=\"\" placeholder=\"Par exemple\u00a0: Jean\" id=\"forminator-field-name-1_69de2cac825ef\" class=\"forminator-input forminator-name--field\" aria-required=\"true\" autocomplete=\"name\" \/><\/div><\/div><div id=\"name-2\" class=\"forminator-field-name forminator-col forminator-col-6 \"><div class=\"forminator-field\"><label for=\"forminator-field-name-2_69de2cac825ef\" id=\"forminator-field-name-2_69de2cac825ef-label\" class=\"forminator-label\">Nom <span class=\"forminator-required\">*<\/span><\/label><input type=\"text\" name=\"name-2\" value=\"\" placeholder=\"Par exemple\u00a0: Dupont\" id=\"forminator-field-name-2_69de2cac825ef\" class=\"forminator-input forminator-name--field\" aria-required=\"true\" autocomplete=\"name\" \/><\/div><\/div><\/div><div class=\"forminator-row\"><div id=\"email-1\" class=\"forminator-field-email forminator-col forminator-col-12 \"><div class=\"forminator-field\"><label for=\"forminator-field-email-1_69de2cac825ef\" id=\"forminator-field-email-1_69de2cac825ef-label\" class=\"forminator-label\">Adresse email <span class=\"forminator-required\">*<\/span><\/label><input type=\"email\" name=\"email-1\" value=\"\" placeholder=\"Par exemple\u00a0: jacques@martin.com\" id=\"forminator-field-email-1_69de2cac825ef\" class=\"forminator-input forminator-email--field\" data-required=\"true\" aria-required=\"true\" autocomplete=\"email\" \/><\/div><\/div><\/div><div class=\"forminator-row\"><div id=\"phone-1\" class=\"forminator-field-phone forminator-col forminator-col-12 \"><div class=\"forminator-field\"><label for=\"forminator-field-phone-1_69de2cac825ef\" id=\"forminator-field-phone-1_69de2cac825ef-label\" class=\"forminator-label\">T\u00e9l\u00e9phone<\/label><input type=\"text\" name=\"phone-1\" value=\"\" placeholder=\"Par exemple\u00a0: 01 02 03 04 05\" id=\"forminator-field-phone-1_69de2cac825ef\" class=\"forminator-input forminator-field--phone\" data-required=\"\" aria-required=\"false\" autocomplete=\"off\" data-national_mode=\"enabled\" data-country=\"FR\" data-validation=\"standard\" \/><\/div><\/div><\/div><div class=\"forminator-row\"><div id=\"radio-1\" class=\"forminator-field-radio forminator-col forminator-col-12 \"><div role=\"radiogroup\" class=\"forminator-field\" aria-labelledby=\"forminator-radiogroup-radio-1-69de2cac825ef-label\"><span id=\"forminator-radiogroup-radio-1-69de2cac825ef-label\" class=\"forminator-label\">Pourquoi nous contactez-vous? <span class=\"forminator-required\">*<\/span><\/span><label id=\"forminator-field-radio-1-label-1\" for=\"forminator-field-radio-1-1-69de2cac825ef\" class=\"forminator-radio\" title=\"Je veux des renseignements sur l\u2019association et les formations\"><input type=\"radio\" name=\"radio-1\" value=\"je-veux-des-renseignements-sur-lassociation-et-les-formations\" id=\"forminator-field-radio-1-1-69de2cac825ef\" aria-labelledby=\"forminator-field-radio-1-label-1\" data-calculation=\"0\" checked=\"checked\" \/><span class=\"forminator-radio-bullet\" aria-hidden=\"true\"><\/span><span class=\"forminator-radio-label\">Je veux des renseignements sur l\u2019association et les formations<\/span><\/label><label id=\"forminator-field-radio-1-label-2\" for=\"forminator-field-radio-1-2-69de2cac825ef\" class=\"forminator-radio\" title=\"Je suis d\u00e9j\u00e0 inscrit \u00e0 un cours\"><input type=\"radio\" name=\"radio-1\" value=\"je-suis-d\u00e9j\u00e0-inscrit-\u00e0-un-cours\" id=\"forminator-field-radio-1-2-69de2cac825ef\" aria-labelledby=\"forminator-field-radio-1-label-2\" data-calculation=\"0\"  \/><span class=\"forminator-radio-bullet\" aria-hidden=\"true\"><\/span><span class=\"forminator-radio-label\">Je suis d\u00e9j\u00e0 inscrit \u00e0 un cours<\/span><\/label><label id=\"forminator-field-radio-1-label-3\" for=\"forminator-field-radio-1-3-69de2cac825ef\" class=\"forminator-radio\" title=\"Je souhaiterais devenir b\u00e9n\u00e9vole\"><input type=\"radio\" name=\"radio-1\" value=\"je-souhaiterais-devenir-b\u00e9n\u00e9vole\" id=\"forminator-field-radio-1-3-69de2cac825ef\" aria-labelledby=\"forminator-field-radio-1-label-3\" data-calculation=\"0\"  \/><span class=\"forminator-radio-bullet\" aria-hidden=\"true\"><\/span><span class=\"forminator-radio-label\">Je souhaiterais devenir b\u00e9n\u00e9vole<\/span><\/label><\/div><\/div><\/div><div class=\"forminator-row\"><div id=\"textarea-1\" class=\"forminator-field-textarea forminator-col forminator-col-12 \"><div class=\"forminator-field\"><label for=\"forminator-field-textarea-1_69de2cac825ef\" id=\"forminator-field-textarea-1_69de2cac825ef-label\" class=\"forminator-label\">Message \/ commentaire<\/label><textarea name=\"textarea-1\" placeholder=\"Saisissez votre message\u2026\" id=\"forminator-field-textarea-1_69de2cac825ef\" class=\"forminator-textarea\" rows=\"6\" style=\"min-height:140px;\" maxlength=\"500\" ><\/textarea><span id=\"forminator-field-textarea-1_69de2cac825ef-description\" class=\"forminator-description\"><span data-limit=\"500\" data-type=\"characters\" data-editor=\"\">0 \/ 500<\/span><\/span><\/div><\/div><\/div><div class=\"forminator-row\" style=\"margin: 0;\"><div id=\"captcha-1\" class=\"forminator-field-captcha  forminator-col-12 \"><div class=\"forminator-captcha-left forminator-g-recaptcha recaptcha-invisible\" data-theme=\"light\" data-badge=\"bottomleft\" data-sitekey=\"6Ld_vp0cAAAAALOtrWQ95P4OorHDV2ExKfluXxZQ\" data-size=\"invisible\"><\/div> <\/div><\/div><input type=\"hidden\" name=\"referer_url\" value=\"\" \/><div class=\"forminator-row forminator-row-last\"><div class=\"forminator-col\"><div class=\"forminator-field\"><button class=\"forminator-button forminator-button-submit\">Envoyer le message<\/button><\/div><\/div><\/div><input type=\"hidden\" id=\"forminator_nonce\" name=\"forminator_nonce\" value=\"91b61b744a\" \/><input type=\"hidden\" name=\"_wp_http_referer\" value=\"\/index.php\/wp-json\/wp\/v2\/pages\/1084\" \/><input type=\"hidden\" name=\"form_id\" value=\"1372\"><input type=\"hidden\" name=\"page_id\" value=\"1084\"><input type=\"hidden\" name=\"form_type\" value=\"default\"><input type=\"hidden\" name=\"current_url\" value=\"https:\/\/www.air-asso.org\/index.php\/contact\/\"><input type=\"hidden\" name=\"render_id\" value=\"0\"><input type=\"hidden\" name=\"action\" value=\"forminator_submit_form_custom-forms\"><label for=\"input_7\" class=\"forminator-hidden\" aria-hidden=\"true\">Veuillez ne pas remplir ce champ. <input id=\"input_7\" type=\"text\" name=\"input_7\" value=\"\" autocomplete=\"off\"><\/label><\/form><\/div>\n\n\n\n<h3 class=\"wp-block-heading\"><\/h3>\n","protected":false},"excerpt":{"rendered":"<p>Horaires d&#8217;ouverture L&#8217;accueil de l&#8217;association est ouvert du mardi au jeudi de 10 h \u00e0 12 h et de 14 h \u00e0 17 h. Acc\u00e8s en transports en commun Face au 229, l&#8217;interphone se trouve&hellip; <a href=\"https:\/\/www.air-asso.org\/index.php\/contact\/\">Plus<\/a><\/p>\n","protected":false},"author":2,"featured_media":0,"parent":0,"menu_order":7,"comment_status":"closed","ping_status":"closed","template":"","meta":{"om_disable_all_campaigns":false,"footnotes":""},"class_list":["post-1084","page","type-page","status-publish","hentry"],"aioseo_notices":[],"jetpack_sharing_enabled":false,"_links":{"self":[{"href":"https:\/\/www.air-asso.org\/index.php\/wp-json\/wp\/v2\/pages\/1084","targetHints":{"allow":["GET"]}}],"collection":[{"href":"https:\/\/www.air-asso.org\/index.php\/wp-json\/wp\/v2\/pages"}],"about":[{"href":"https:\/\/www.air-asso.org\/index.php\/wp-json\/wp\/v2\/types\/page"}],"author":[{"embeddable":true,"href":"https:\/\/www.air-asso.org\/index.php\/wp-json\/wp\/v2\/users\/2"}],"replies":[{"embeddable":true,"href":"https:\/\/www.air-asso.org\/index.php\/wp-json\/wp\/v2\/comments?post=1084"}],"version-history":[{"count":7,"href":"https:\/\/www.air-asso.org\/index.php\/wp-json\/wp\/v2\/pages\/1084\/revisions"}],"predecessor-version":[{"id":1382,"href":"https:\/\/www.air-asso.org\/index.php\/wp-json\/wp\/v2\/pages\/1084\/revisions\/1382"}],"wp:attachment":[{"href":"https:\/\/www.air-asso.org\/index.php\/wp-json\/wp\/v2\/media?parent=1084"}],"curies":[{"name":"wp","href":"https:\/\/api.w.org\/{rel}","templated":true}]}}