{"id":384,"date":"2019-09-25T13:45:00","date_gmt":"2019-09-25T11:45:00","guid":{"rendered":"https:\/\/air-association.fr\/?page_id=384"},"modified":"2021-07-29T15:24:04","modified_gmt":"2021-07-29T13:24:04","slug":"faire-un-don","status":"publish","type":"page","link":"https:\/\/www.air-asso.org\/index.php\/faire-un-don\/","title":{"rendered":"Faire un don"},"content":{"rendered":"\n<div class=\"wp-block-media-text alignwide is-stacked-on-mobile is-vertically-aligned-top\" style=\"grid-template-columns:41% auto\"><figure class=\"wp-block-media-text__media\"><img data-recalc-dims=\"1\" loading=\"lazy\" decoding=\"async\" width=\"179\" height=\"89\" src=\"https:\/\/i0.wp.com\/www.wor.air-asso.org\/wp-content\/uploads\/2019\/11\/coeur.png?resize=179%2C89\" alt=\"\" class=\"wp-image-1174 size-full\"\/><\/figure><div class=\"wp-block-media-text__content\">\n<p class=\"has-text-align-justify has-normal-font-size\">Les contributions de nos b\u00e9n\u00e9ficiaires pour leur formation sont volontairement tr\u00e8s modiques, pour permettre \u00e0 tous de b\u00e9n\u00e9ficier de nos services.<br><strong>C&#8217;est de la g\u00e9n\u00e9rosit\u00e9 de ses donateurs que d\u00e9pend  l\u2019association A.I.R.<\/strong> <\/p>\n<\/div><\/div>\n\n\n\n<p class=\"has-text-align-justify\">C\u2019est <strong><span style=\"color:#328387\" class=\"tadv-color\">gr\u00e2ce \u00e0 vous<\/span> <\/strong>que <strong><span style=\"color:#328387\" class=\"tadv-color\">nous poursuivrons notre activit\u00e9<\/span> <\/strong>et mettrons en \u0153uvre de nouveaux projets.<strong> <\/strong> Nous avons besoin de vous <strong><span style=\"color:#328387\" class=\"tadv-color\">quel que soit le montant de votre don<\/span><\/strong>. <\/p>\n\n\n\n<hr class=\"wp-block-separator\"\/>\n\n\n\n<h4 class=\"wp-block-heading\"> <strong>COMMENT ENVOYER VOTRE DON ?<\/strong><\/h4>\n\n\n\n<ul class=\"wp-block-list\"><li> Par courrier, en ch\u00e8que.<br>Il suffit de t\u00e9l\u00e9charger le bon de soutien ci-dessous, de le remplir, d&#8217;y joindre votre ch\u00e8que \u00e0 l&#8217;ordre de A.I.R. et d&#8217;envoyer le tout  \u00e0 : A.I.R. 229 boulevard Voltaire 75011 PARIS <\/li><\/ul>\n\n\n\n<div class=\"wp-block-image\"><figure class=\"aligncenter size-large is-resized\"><a href=\"https:\/\/www.air-asso.org\/wp-content\/uploads\/2019\/11\/coupon_don.pdf\" target=\"_blank\" rel=\"noreferrer noopener\"><img data-recalc-dims=\"1\" loading=\"lazy\" decoding=\"async\" src=\"https:\/\/i0.wp.com\/www.wor.air-asso.org\/wp-content\/uploads\/2019\/09\/telecharger.png?resize=206%2C75\" alt=\"Bouton de t\u00e9l\u00e9chargement du coupon de don\" class=\"wp-image-881\" width=\"206\" height=\"75\" srcset=\"https:\/\/i0.wp.com\/www.air-asso.org\/wp-content\/uploads\/2019\/09\/telecharger.png?w=400&amp;ssl=1 400w, https:\/\/i0.wp.com\/www.air-asso.org\/wp-content\/uploads\/2019\/09\/telecharger.png?resize=300%2C110&amp;ssl=1 300w\" sizes=\"auto, (max-width: 206px) 100vw, 206px\" \/><\/a><\/figure><\/div>\n\n\n\n<p class=\"has-text-align-right\">Vous recevrez ensuite votre re\u00e7u fiscal par courrier.<\/p>\n\n\n\n<ul class=\"wp-block-list\"><li>En ligne, par carte bancaire,  via ce site s\u00e9curis\u00e9 : <\/li><\/ul>\n\n\n\n<div class=\"wp-block-group\"><div class=\"wp-block-group__inner-container is-layout-flow wp-block-group-is-layout-flow\">\n<div class=\"wp-block-image\"><figure class=\"aligncenter size-large is-resized\"><a href=\"https:\/\/www.helloasso.com\/associations\/air\/formulaires\/2\" target=\"_blank\" rel=\"noreferrer noopener\"><img data-recalc-dims=\"1\" loading=\"lazy\" decoding=\"async\" src=\"https:\/\/i0.wp.com\/www.wor.air-asso.org\/wp-content\/uploads\/2019\/10\/cliquer.jpg?resize=181%2C66\" alt=\"Bouton &quot;cliquer ici&quot;\" class=\"wp-image-1026\" width=\"181\" height=\"66\" srcset=\"https:\/\/i0.wp.com\/www.air-asso.org\/wp-content\/uploads\/2019\/10\/cliquer.jpg?w=656&amp;ssl=1 656w, https:\/\/i0.wp.com\/www.air-asso.org\/wp-content\/uploads\/2019\/10\/cliquer.jpg?resize=300%2C110&amp;ssl=1 300w\" sizes=\"auto, (max-width: 181px) 100vw, 181px\" \/><\/a><\/figure><\/div>\n<\/div><\/div>\n\n\n\n<p class=\"has-text-align-right\">Vous pourrez ensuite t\u00e9l\u00e9charger directement votre re\u00e7u fiscal.<\/p>\n\n\n\n<hr class=\"wp-block-separator\"\/>\n\n\n\n<p><strong>Les organismes ou entreprises<\/strong> peuvent nous soutenir sous forme de subventions pour d\u00e9velopper nos projets.<\/p>\n\n\n\n<p><span style=\"color:#328387\" class=\"tadv-color\"><strong>Un grand merci pour votre g\u00e9n\u00e9rosit\u00e9 !<\/strong><\/span><\/p>\n\n\n\n<p class=\"has-text-align-justify has-small-font-size\"><em>Les dons aux associations d\u2019int\u00e9r\u00eat g\u00e9n\u00e9ral ouvrent droit \u00e0 une r\u00e9duction d\u2019imp\u00f4t de 66% du versement. La r\u00e9duction d&#8217;imp\u00f4t acquise au titre de 2020 est maintenue avec le pr\u00e9l\u00e8vement \u00e0 la source et rembours\u00e9e en 2021.<\/em><\/p>\n","protected":false},"excerpt":{"rendered":"<p>Les contributions de nos b\u00e9n\u00e9ficiaires pour leur formation sont volontairement tr\u00e8s modiques, pour permettre \u00e0 tous de b\u00e9n\u00e9ficier de nos services.C&#8217;est de la g\u00e9n\u00e9rosit\u00e9 de ses donateurs que d\u00e9pend l\u2019association A.I.R. C\u2019est gr\u00e2ce \u00e0 vous&hellip; <a href=\"https:\/\/www.air-asso.org\/index.php\/faire-un-don\/\">Plus<\/a><\/p>\n","protected":false},"author":2,"featured_media":0,"parent":0,"menu_order":5,"comment_status":"closed","ping_status":"closed","template":"","meta":{"om_disable_all_campaigns":false,"footnotes":""},"class_list":["post-384","page","type-page","status-publish","hentry"],"aioseo_notices":[],"jetpack_sharing_enabled":true,"_links":{"self":[{"href":"https:\/\/www.air-asso.org\/index.php\/wp-json\/wp\/v2\/pages\/384","targetHints":{"allow":["GET"]}}],"collection":[{"href":"https:\/\/www.air-asso.org\/index.php\/wp-json\/wp\/v2\/pages"}],"about":[{"href":"https:\/\/www.air-asso.org\/index.php\/wp-json\/wp\/v2\/types\/page"}],"author":[{"embeddable":true,"href":"https:\/\/www.air-asso.org\/index.php\/wp-json\/wp\/v2\/users\/2"}],"replies":[{"embeddable":true,"href":"https:\/\/www.air-asso.org\/index.php\/wp-json\/wp\/v2\/comments?post=384"}],"version-history":[{"count":11,"href":"https:\/\/www.air-asso.org\/index.php\/wp-json\/wp\/v2\/pages\/384\/revisions"}],"predecessor-version":[{"id":1371,"href":"https:\/\/www.air-asso.org\/index.php\/wp-json\/wp\/v2\/pages\/384\/revisions\/1371"}],"wp:attachment":[{"href":"https:\/\/www.air-asso.org\/index.php\/wp-json\/wp\/v2\/media?parent=384"}],"curies":[{"name":"wp","href":"https:\/\/api.w.org\/{rel}","templated":true}]}}