{"id":980,"date":"2019-10-05T00:39:37","date_gmt":"2019-10-04T22:39:37","guid":{"rendered":"https:\/\/air-association.fr\/?page_id=980"},"modified":"2021-07-29T15:21:10","modified_gmt":"2021-07-29T13:21:10","slug":"temoignages","status":"publish","type":"page","link":"https:\/\/www.air-asso.org\/index.php\/temoignages\/","title":{"rendered":"T\u00e9moignages"},"content":{"rendered":"<p><img data-recalc-dims=\"1\" loading=\"lazy\" decoding=\"async\" class=\"wp-image-981 aligncenter\" src=\"https:\/\/i0.wp.com\/www.wor.air-asso.org\/wp-content\/uploads\/2019\/10\/temoignage.jpg?resize=290%2C108\" alt=\"\" width=\"290\" height=\"108\" srcset=\"https:\/\/i0.wp.com\/www.air-asso.org\/wp-content\/uploads\/2019\/10\/temoignage.jpg?w=720&amp;ssl=1 720w, https:\/\/i0.wp.com\/www.air-asso.org\/wp-content\/uploads\/2019\/10\/temoignage.jpg?resize=300%2C112&amp;ssl=1 300w\" sizes=\"auto, (max-width: 290px) 100vw, 290px\" \/><\/p>\n\n\n<p class=\"has-text-align-justify has-background\" style=\"background-color:#caf2f4\">Professeur de lettres \u00e0 la retraite depuis plus de 20 ans, la lecture et l&#8217;\u00e9criture ont toujours tenu une grande place dans ma vie. Quand je ne suis plus parvenu \u00e0 lire ni \u00e0 \u00e9crire suffisamment bien pour qu&#8217;on puisse me d\u00e9chiffrer sans difficult\u00e9, je ne pouvais m&#8217;y r\u00e9soudre. Pour autant, je n&#8217;osais pas solliciter l&#8217;association pour prendre des cours, me disant qu&#8217;\u00e0 mon \u00e2ge ce n&#8217;\u00e9tait plus la peine, que je serais ridicule. Et puis je me suis souvenue de cette phrase de Montaigne que j&#8217;adore : &#8221; <em>On peut continuer \u00e0 tout temps l&#8217;\u00e9tude, non pas l&#8217;\u00e9colage : la sotte chose, qu&#8217;un&nbsp;vieillard ab\u00e9c\u00e9daire&nbsp;!<\/em> &#8221; et j&#8217;ai franchi le pas. Aujourd&#8217;hui, gr\u00e2ce \u00e0 l&#8217;attention bienveillante de ma formatrice, je progresse \u00e0 mon rythme, et je suis fi\u00e8re d&#8217;arroser mes proches de mails !<br><strong><em>Martine<\/em><\/strong><\/p>\n\n\n\n<p class=\"has-text-align-justify has-background\" style=\"background-color:#e7edf9\">\u00c0 50 ans, je suis tout d\u00e9butant sur mon ordinateur Mac. Gr\u00e2ce \u00e0 l\u2019association A.I.R., j&#8217;ai pu acc\u00e9der aux nouvelles technologies. Au d\u00e9part, tout me paraissait compliqu\u00e9 mais d\u2019excellents formateurs, qui sont surtout des personnes formidables et passionn\u00e9es, m&#8217;ont appris \u00e0 utiliser mon ordinateur. On peut trouver que deux heures de formation par semaine c&#8217;est peu mais, croyez-moi, c&#8217;est suffisant lorsqu&#8217;il y a beaucoup de choses \u00e0 apprendre. Avoir des formations individuelles, c&#8217;est vraiment le pied ! On peut avancer rapidement. C\u2019est ce qui m\u2019a permis de pouvoir d\u00e9clarer mes imp\u00f4ts en ligne, d&#8217;acc\u00e9der au service de la s\u00e9curit\u00e9 sociale, etc\u2026 J\u2019en suis tr\u00e8s reconnaissant. Il faut le dire, l\u2019association A.I.R., ce sont des b\u00e9n\u00e9voles qui acceptent de nous aider, nous, les d\u00e9ficients visuels, \u00e0 sortir de l&#8217;ombre pour aller vers le monde du num\u00e9rique.<br><strong><em>Mark<\/em><\/strong><\/p>\n\n\n\n<p class=\"has-text-align-justify has-text-align-left has-background\" style=\"background-color:#f0d5f2\">Il ne faut pas h\u00e9siter \u00e0 venir \u00e0 A.I.R. Les formatrices et les formateurs sont proches de vous et \u00e0 l&#8217;\u00e9coute de vos demandes et de vos besoins. Ils sont tr\u00e8s patients et de grande qualit\u00e9. L&#8217;\u00e2ge, le grand \u00e2ge, n&#8217;a aucune importance pour eux. Certes, l&#8217;informatique demande un investissement personnel, mais quelle satisfaction de gagner au autonomie, et quelle ouverture sur le monde !<br><em><strong>Fran\u00e7oise<\/strong><\/em><\/p>\n\n\n\n<p class=\"has-text-align-justify has-background\" style=\"background-color:#fffed7\">Brailliste depuis quelques ann\u00e9es, j&#8217;avais envie d&#8217;apprendre \u00e9galement l&#8217;abr\u00e9g\u00e9, pour pouvoir \u00e0 nouveau lire comme avant, retrouver la m\u00eame&nbsp; autonomie d&#8217;une lecture fluide. Avec l&#8217;aide de ma formatrice passionn\u00e9e, j&#8217;ai pu conserver une motivation intacte et aller jusqu&#8217;au bout de cet apprentissage, m\u00eame si ma vue r\u00e9siduelle me permet encore de distinguer les mots quand ils sont suffisamment gros. L&#8217;un n&#8217;emp\u00eache pas l&#8217;autre : je suis heureuse de pouvoir me servir \u00e0 la fois de mes yeux, par exemple pour me d\u00e9placer, et de mes doigts pour lire sans fatigue oculaire.<br>N&#8217;h\u00e9sitez plus \u00e0 vous lancer : le braille, c&#8217;est stimulant !<br><strong><em>Djamila<\/em><\/strong><\/p>\n","protected":false},"excerpt":{"rendered":"<p>Professeur de lettres \u00e0 la retraite depuis plus de 20 ans, la lecture et l&#8217;\u00e9criture ont toujours tenu une grande place dans ma vie. Quand je ne suis plus parvenu \u00e0 lire ni \u00e0 \u00e9crire&hellip; <a href=\"https:\/\/www.air-asso.org\/index.php\/temoignages\/\">Plus<\/a><\/p>\n","protected":false},"author":2,"featured_media":0,"parent":0,"menu_order":0,"comment_status":"closed","ping_status":"closed","template":"","meta":{"om_disable_all_campaigns":false,"footnotes":""},"class_list":["post-980","page","type-page","status-publish","hentry"],"aioseo_notices":[],"jetpack_sharing_enabled":true,"_links":{"self":[{"href":"https:\/\/www.air-asso.org\/index.php\/wp-json\/wp\/v2\/pages\/980","targetHints":{"allow":["GET"]}}],"collection":[{"href":"https:\/\/www.air-asso.org\/index.php\/wp-json\/wp\/v2\/pages"}],"about":[{"href":"https:\/\/www.air-asso.org\/index.php\/wp-json\/wp\/v2\/types\/page"}],"author":[{"embeddable":true,"href":"https:\/\/www.air-asso.org\/index.php\/wp-json\/wp\/v2\/users\/2"}],"replies":[{"embeddable":true,"href":"https:\/\/www.air-asso.org\/index.php\/wp-json\/wp\/v2\/comments?post=980"}],"version-history":[{"count":7,"href":"https:\/\/www.air-asso.org\/index.php\/wp-json\/wp\/v2\/pages\/980\/revisions"}],"predecessor-version":[{"id":1367,"href":"https:\/\/www.air-asso.org\/index.php\/wp-json\/wp\/v2\/pages\/980\/revisions\/1367"}],"wp:attachment":[{"href":"https:\/\/www.air-asso.org\/index.php\/wp-json\/wp\/v2\/media?parent=980"}],"curies":[{"name":"wp","href":"https:\/\/api.w.org\/{rel}","templated":true}]}}